{"id":96,"date":"2009-09-22T08:56:46","date_gmt":"2009-09-22T06:56:46","guid":{"rendered":"http:\/\/bininda.com\/blog\/?page_id=96"},"modified":"2009-09-22T08:57:46","modified_gmt":"2009-09-22T06:57:46","slug":"impressum","status":"publish","type":"page","link":"http:\/\/bininda.com\/blog\/impressum\/","title":{"rendered":"Impressum"},"content":{"rendered":"<p>The following disclaimer is made necessary by German law:<\/p>\n<p>Mit Urteil vom 12. Mai 1998 &#8211; 312 O 85\/98 &#8211; &#8220;Haftung f\u00fcr Links&#8221; hat das Landgericht Hamburg entschieden, dass man durch die Anbringung eines Links die Inhalte der gelinkten Seite ggf. mit zu verantworten hat. Dies kann nur dadurch verhindert werden, dass man sich ausdr\u00fccklich von diesen Inhalten distanziert:<\/p>\n<p><strong>Hiermit distanzieren wir uns\u00a0 trotz sorgf\u00e4ltiger Kontrolle ausdr\u00fccklich von allen Inhalten der gelinkten Seiten und machen uns deren Inhalte nicht zu eigen. F\u00fcr die Inhalte der gelinkten Seiten sind ausschlie\u00dflich deren Betreiber verantwortlich.<\/strong><\/p>\n<hr \/>\n<p>Alle Inhalte (Bilder, Texte, Grafiken, Videos) dieser Website<br \/>\nCopyright by Paul Bininda<br \/>\nMeulanstr.8<br \/>\nD &#8211; 82024 Taufkirchen<\/p>\n","protected":false},"excerpt":{"rendered":"<p>The following disclaimer is made necessary by German law: Mit Urteil vom 12. Mai 1998 &#8211; 312 O 85\/98 &#8211; &#8220;Haftung f\u00fcr Links&#8221; hat das Landgericht Hamburg entschieden, dass man durch die Anbringung eines Links die Inhalte der gelinkten Seite ggf. mit zu verantworten hat. Dies kann nur dadurch verhindert werden, dass man sich ausdr\u00fccklich [&hellip;]<\/p>\n","protected":false},"author":1,"featured_media":0,"parent":0,"menu_order":10,"comment_status":"open","ping_status":"open","template":"","meta":{"footnotes":""},"_links":{"self":[{"href":"http:\/\/bininda.com\/blog\/wp-json\/wp\/v2\/pages\/96"}],"collection":[{"href":"http:\/\/bininda.com\/blog\/wp-json\/wp\/v2\/pages"}],"about":[{"href":"http:\/\/bininda.com\/blog\/wp-json\/wp\/v2\/types\/page"}],"author":[{"embeddable":true,"href":"http:\/\/bininda.com\/blog\/wp-json\/wp\/v2\/users\/1"}],"replies":[{"embeddable":true,"href":"http:\/\/bininda.com\/blog\/wp-json\/wp\/v2\/comments?post=96"}],"version-history":[{"count":4,"href":"http:\/\/bininda.com\/blog\/wp-json\/wp\/v2\/pages\/96\/revisions"}],"predecessor-version":[{"id":100,"href":"http:\/\/bininda.com\/blog\/wp-json\/wp\/v2\/pages\/96\/revisions\/100"}],"wp:attachment":[{"href":"http:\/\/bininda.com\/blog\/wp-json\/wp\/v2\/media?parent=96"}],"curies":[{"name":"wp","href":"https:\/\/api.w.org\/{rel}","templated":true}]}}